{"id":12115,"date":"2019-10-17T23:35:08","date_gmt":"2019-10-17T21:35:08","guid":{"rendered":"https:\/\/cutismedical.com\/product\/juvederm-voluma-lid-210-ml\/"},"modified":"2025-02-25T22:19:59","modified_gmt":"2025-02-25T20:19:59","slug":"juvederm-voluma-lid-210-ml","status":"publish","type":"product","link":"https:\/\/cutismedical.shop\/et\/shop-es\/fillerid-et\/juvederm-voluma-lid-210-ml\/","title":{"rendered":"Juvederm Voluma Lid (2*1,0 ml)"},"content":{"rendered":"<p>Juvederm Voluma Lidi eelised:<\/p>\n<p>Taastab kaotatud naha mahu<br \/>\nSuurendab mahu p\u00f5skedes ja l\u00f5uas<br \/>\nLoob sileda ja loomuliku v\u00e4limuse<br \/>\nParandab n\u00e4o \u00fcldist kuju<br \/>\nKaua kestab tulemus?<\/p>\n<p>\u00dcldiselt on tulemused kohesed ja v\u00f5ivad p\u00fcsida kuni 18 kuud.<\/p>\n","protected":false},"excerpt":{"rendered":"<p>Juvederm Voluma Lid on uuenduslik s\u00fcstitav n\u00e4ot\u00e4iteaine, mis sisaldab h\u00fcaluroonhapet ja taastab ning suurendab mahu p\u00f5skedes ja l\u00f5uas. Kasutage Juvederm Voluma Lidi, et t\u00e4iustada n\u00e4o \u00fcldist kuju ja luua sile ning loomulik v\u00e4limus.<\/p>\n<p>Komplekt sisaldab:<\/p>\n<p>2 s\u00fcstalt mahuga 1 ml<br \/>\n4 n\u00f5ela 27G 1\/2&#8243;<br \/>\n20 mg\/ml h\u00fcaluroonhapet<br \/>\n0,3% lidokaiini<\/p>\n","protected":false},"featured_media":12113,"template":"","meta":{"_seopress_robots_primary_cat":"none","_seopress_titles_title":"","_seopress_titles_desc":"","_seopress_robots_index":""},"item":[1264],"product_cat":[154],"product_tag":[],"class_list":{"0":"post-12115","1":"product","2":"type-product","3":"status-publish","4":"has-post-thumbnail","6":"item-juvederm-et-2","7":"product_cat-fillerid-et","9":"first","10":"instock","11":"taxable","12":"shipping-taxable","13":"purchasable","14":"product-type-simple"},"_links":{"self":[{"href":"https:\/\/cutismedical.shop\/et\/wp-json\/wp\/v2\/product\/12115","targetHints":{"allow":["GET"]}}],"collection":[{"href":"https:\/\/cutismedical.shop\/et\/wp-json\/wp\/v2\/product"}],"about":[{"href":"https:\/\/cutismedical.shop\/et\/wp-json\/wp\/v2\/types\/product"}],"wp:featuredmedia":[{"embeddable":true,"href":"https:\/\/cutismedical.shop\/et\/wp-json\/wp\/v2\/media\/12113"}],"wp:attachment":[{"href":"https:\/\/cutismedical.shop\/et\/wp-json\/wp\/v2\/media?parent=12115"}],"wp:term":[{"taxonomy":"item","embeddable":true,"href":"https:\/\/cutismedical.shop\/et\/wp-json\/wp\/v2\/item?post=12115"},{"taxonomy":"product_cat","embeddable":true,"href":"https:\/\/cutismedical.shop\/et\/wp-json\/wp\/v2\/product_cat?post=12115"},{"taxonomy":"product_tag","embeddable":true,"href":"https:\/\/cutismedical.shop\/et\/wp-json\/wp\/v2\/product_tag?post=12115"}],"curies":[{"name":"wp","href":"https:\/\/api.w.org\/{rel}","templated":true}]}}