{"id":119613,"date":"2025-07-23T15:23:10","date_gmt":"2025-07-23T13:23:10","guid":{"rendered":"https:\/\/cutismedical.com\/shop\/maaratlemata\/mc-organic-silicon-10-5ml-anti-aging\/"},"modified":"2025-07-23T15:23:10","modified_gmt":"2025-07-23T13:23:10","slug":"mc-organic-silicon-10-5ml-anti-aging","status":"publish","type":"product","link":"https:\/\/cutismedical.shop\/et\/shop-es\/kosmetseutika\/mc-organic-silicon-10-5ml-anti-aging\/","title":{"rendered":"MC Organic Silicon (10*5ml) \/ Vananemisvastane"},"content":{"rendered":"<div class=\"summary__title\">\n<div><strong>Hoiatus<\/strong><\/div>\n<div><\/div>\n<div>Silma sattumisel loputada koheselt ja p\u00f5hjalikult. V\u00e4ltige kokkupuudet kangastega. Hoida lastele k\u00e4ttesaamatus kohas.<\/div>\n<div><\/div>\n<div><strong>Lisateave<\/strong><\/div>\n<div><\/div>\n<div>Toote kategooria: professionaalne<\/div>\n<div>Peamised koostisosad: Met\u00fc\u00fclsilanoolmannuronaat<\/div>\n<div>Sagedus: iga 2 n\u00e4dala j\u00e4rel (umbes. 5-10 seanssi)<\/div>\n<div>Naha t\u00fc\u00fcp: K\u00f5ik nahat\u00fc\u00fcbid<\/div>\n<div>Soovitatav: naha vananemine, l\u00f5tvus<\/div>\n<div><\/div>\n<div><strong>Rakendus<\/strong><\/div>\n<div><\/div>\n<div>Kandke \u00f5huke kiht puhtale ja kuivale nahale, masseerides \u00f5rnalt, kuni see imendub.<\/div>\n<\/div>\n","protected":false},"excerpt":{"rendered":"<div>Prof orgaanilised R\u00e4ni ampullid sisaldavad koostisosi, mis parandavad naha siledust ja toonust, aidates samal ajal s\u00e4ilitada selle loomulikku paindlikkust ja elastsust, et saada kindlam jume.<\/div>\n<div><\/div>\n<div>Paikseks kasutamiseks. \u00c4rge s\u00fcstige.<\/div>\n","protected":false},"featured_media":119611,"template":"","meta":{"_seopress_robots_primary_cat":"","_seopress_titles_title":"","_seopress_titles_desc":"","_seopress_robots_index":""},"item":[1149],"product_cat":[2345],"product_tag":[],"class_list":{"0":"post-119613","1":"product","2":"type-product","3":"status-publish","4":"has-post-thumbnail","6":"item-mccosmetics-et","7":"product_cat-kosmetseutika","9":"first","10":"instock","11":"taxable","12":"shipping-taxable","13":"purchasable","14":"product-type-simple"},"_links":{"self":[{"href":"https:\/\/cutismedical.shop\/et\/wp-json\/wp\/v2\/product\/119613","targetHints":{"allow":["GET"]}}],"collection":[{"href":"https:\/\/cutismedical.shop\/et\/wp-json\/wp\/v2\/product"}],"about":[{"href":"https:\/\/cutismedical.shop\/et\/wp-json\/wp\/v2\/types\/product"}],"wp:featuredmedia":[{"embeddable":true,"href":"https:\/\/cutismedical.shop\/et\/wp-json\/wp\/v2\/media\/119611"}],"wp:attachment":[{"href":"https:\/\/cutismedical.shop\/et\/wp-json\/wp\/v2\/media?parent=119613"}],"wp:term":[{"taxonomy":"item","embeddable":true,"href":"https:\/\/cutismedical.shop\/et\/wp-json\/wp\/v2\/item?post=119613"},{"taxonomy":"product_cat","embeddable":true,"href":"https:\/\/cutismedical.shop\/et\/wp-json\/wp\/v2\/product_cat?post=119613"},{"taxonomy":"product_tag","embeddable":true,"href":"https:\/\/cutismedical.shop\/et\/wp-json\/wp\/v2\/product_tag?post=119613"}],"curies":[{"name":"wp","href":"https:\/\/api.w.org\/{rel}","templated":true}]}}