{"id":11750,"date":"2019-08-02T19:20:37","date_gmt":"2019-08-02T17:20:37","guid":{"rendered":"https:\/\/cutismedical.com\/product\/needleflex\/"},"modified":"2024-11-14T00:15:42","modified_gmt":"2024-11-13T22:15:42","slug":"needleflex","status":"publish","type":"product","link":"https:\/\/cutismedical.shop\/et\/shop-es\/kanuul-et\/needleflex\/","title":{"rendered":"Needleflex \/ \u00dcli\u00f5hukesed kan\u00fc\u00fclid \/ erinevad suurused"},"content":{"rendered":"<p>Paindlikkuse ja j\u00e4ikuse tasakaal. See paindlikkus v\u00f5imaldab spetsialistil kohandada ja kontrollida oma liigutusi, v\u00e4ltides valu ja kahjustamata p\u00e4risnahka v\u00f5i selle all olevaid kudesid. Needleflex libiseb naha all, kahjustamata seda.<\/p>\n<p><b>Lai kan\u00fc\u00fclide valik<\/b><br \/>\n\u00dcheksa erinevat suurust, mis on hoolikalt valitud, et rahuldada k\u00f5iki vajadusi.<\/p>\n<p><b>Sobib k\u00f5ikidele meditsiinilistele rakendustele<\/b><br \/>\n\u00dcks v\u00f5i mitu suurust igale piirkonnale, s\u00fcstimise suunale ja s\u00fcgavusele.<\/p>\n<p><b>Saadaval k\u00f5ikide t\u00e4iteainete ja mesokokteilide jaoks turul<\/b><br \/>\nPikkused, v\u00e4lisdiameetrid ja sisel\u00e4bim\u00f5\u00f5dud sobivad igat t\u00fc\u00fcpi mesokokteilidele ja t\u00e4iteainetele.<\/p>\n<p><b>Parim kvaliteedi ja hinna suhe<\/b><br \/>\nT\u00e4iuslik paindlikkus ja roostevabast terasest toru ja plastikust aluse vastupidavus.<\/p>\n<p><b>T\u00e4ielik meditsiiniline ohutus<\/b><br \/>\nMinimaalne kudede traumaatilisus t\u00e4nu kan\u00fc\u00fcli n\u00fcrile otsale.<\/p>\n<p>Needleflex v\u00f5imaldab v\u00e4hendada s\u00fcstekohtade arvu, mis muudab protseduuri patsiendi jaoks suuremal alal v\u00e4hem valulikuks.<\/p>\n<p>T\u00e4nu <b>paindlikkusele<\/b> ja <b>n\u00fcrile otsale<\/b> v\u00e4hendavad Needleflex mikrokan\u00fc\u00fclid verevalumite ja p\u00f5letikuliste reaktsioonide riski.<\/p>\n<p>Needleflex mikrokan\u00fc\u00fclid on EO-steriilsed ja \u00fchekordselt kasutatavad meditsiiniseadmed, klass II.a, ainult professionaalseks kasutamiseks \u2013 CE0476.<\/p>\n<p>\u00dcks karp sisaldab 100 tk.<\/p>\n","protected":false},"excerpt":{"rendered":"<p><span style=\"color: #ed1c24;\"><strong>Ei ole mu\u0308u\u0308giks ELis!<\/strong><\/span><\/p>\n<p class=\"sottotitolo\">Paindlik n\u00fcride otsaga ja k\u00fclgavausega kan\u00fc\u00fcl.<\/p>\n<p>\u00dcks karp sisaldab 100 tk.<br \/>\nItaalia farmaatsialabor \u2013 Mesotech.<\/p>\n","protected":false},"featured_media":11738,"template":"","meta":{"_seopress_robots_primary_cat":"","_seopress_titles_title":"","_seopress_titles_desc":"","_seopress_robots_index":""},"item":[1556],"product_cat":[162],"product_tag":[],"class_list":{"0":"post-11750","1":"product","2":"type-product","3":"status-publish","4":"has-post-thumbnail","6":"item-needleflex-et-2","7":"product_cat-kanuul-et","8":"pa_product_main_cat-professionaalne-hooldus","10":"first","11":"instock","12":"taxable","13":"shipping-taxable","14":"purchasable","15":"product-type-variable"},"_links":{"self":[{"href":"https:\/\/cutismedical.shop\/et\/wp-json\/wp\/v2\/product\/11750","targetHints":{"allow":["GET"]}}],"collection":[{"href":"https:\/\/cutismedical.shop\/et\/wp-json\/wp\/v2\/product"}],"about":[{"href":"https:\/\/cutismedical.shop\/et\/wp-json\/wp\/v2\/types\/product"}],"wp:featuredmedia":[{"embeddable":true,"href":"https:\/\/cutismedical.shop\/et\/wp-json\/wp\/v2\/media\/11738"}],"wp:attachment":[{"href":"https:\/\/cutismedical.shop\/et\/wp-json\/wp\/v2\/media?parent=11750"}],"wp:term":[{"taxonomy":"item","embeddable":true,"href":"https:\/\/cutismedical.shop\/et\/wp-json\/wp\/v2\/item?post=11750"},{"taxonomy":"product_cat","embeddable":true,"href":"https:\/\/cutismedical.shop\/et\/wp-json\/wp\/v2\/product_cat?post=11750"},{"taxonomy":"product_tag","embeddable":true,"href":"https:\/\/cutismedical.shop\/et\/wp-json\/wp\/v2\/product_tag?post=11750"}],"curies":[{"name":"wp","href":"https:\/\/api.w.org\/{rel}","templated":true}]}}