{"id":108573,"date":"2025-07-02T12:51:53","date_gmt":"2025-07-02T10:51:53","guid":{"rendered":"https:\/\/cutismedical.com\/shop\/maaratlemata\/mesotech-tricocure-lotion-4-bottle-of-25-ml\/"},"modified":"2025-07-02T12:51:53","modified_gmt":"2025-07-02T10:51:53","slug":"mesotech-tricocure-lotion-4-bottle-of-25-ml","status":"publish","type":"product","link":"https:\/\/cutismedical.shop\/et\/shop-es\/nahahooldus\/seerum-et-prof\/mesotech-tricocure-lotion-4-bottle-of-25-ml\/","title":{"rendered":"Mesotech | Tricocure Lotion (4 pudel 25 ml.)"},"content":{"rendered":"<p>Telogeen-66,1% &#8211; Anageen +47,3%<\/p>\n<p>&nbsp;<\/p>\n<p><strong>Kuidas kasutada Tricocure?<\/strong><\/p>\n<p>3 ml paikne manustamine kaks korda p\u00e4evas koos praktilise aplikaatoriga v\u00f5imaldab tuua toitaineid ja toimeaineid otse peanahale, nii et see j\u00f5uab kergesti juuksefolliikulisse.<\/p>\n<p>&nbsp;<\/p>\n<p><strong>Millised on Trikokuuri peamised koostisosad?<\/strong><\/p>\n<p>Tricocure \u00fchendab looduslikke vitamiine, mineraale, DHT inhibiitoreid ja \u00fchendeid, mis soodustavad paksude ja tervete juuste kasvu.<\/p>\n<p>&#8211; Kopexil: nii meestel kui naistel on juuste v\u00e4ljalangemine seotud juurte halvenemisega. Kopexil suurendab juuste mahtu kasvufaasis, t\u00f6\u00f6tades juurte s\u00fcgava struktuuriga. Kopexil (2,4 Diamino p\u00fcridiin \u2013 3 oksiid) (2,4 DPO) on minoksidiili muudetud vorm ilma k\u00f5rvaltoimeteta.<\/p>\n<p>\u2013 CG-VEGF: kasvufaktor VEGF stimuleerib t\u00e4nu oma v\u00f5imele stimuleerida angiogeneesi ja sellest tulenevat toitainete pakkumist folliikuli p\u00f5hjas aktiivselt juuste kasvu.<\/p>\n<p>&#8211; Saw Palmetto ekstrakt (Serenoa Repens): toimib, katkestades hormonaalsed signaalid ja v\u00e4hendades seega kahjuliku kemikaali, mida nimetatakse dih\u00fcdrotestosterooniks (DHT), imendumist juuksefolliikulisse. DHT vastutab ka juuksefolliikuli v\u00e4hendamise ja h\u00f5renemise eest. Tavaliselt nimetatakse seda miniaturiseerimiseks,mille j\u00e4rel juuksed langevad. See on p\u00f5hjus, miks DHT vastutab umbes 95% juuste v\u00e4ljalangemise eest. Mehed v\u00f5i naised, kes kaotavad k\u00f5ige rohkem juukseid, on geneetiliselt eelsoodumusega toota rohkem DHT-d kui teised.<\/p>\n<p>&#8211; Beeta-sitosterool: beeta-sitosterool on looduslik taimeekstrakt, mida kasutatakse meeste ja naiste juuste v\u00e4ljalangemise peatamiseks. Sellel on androgeenide vastu p\u00e4rssivad omadused, mis v\u00f5imaldab sihtida meeste ja naiste kiilasp\u00e4isuse eest vastutavaid hormoone.<\/p>\n<p>&#8211; Capixyl: Capixyl on kahe koostisosa segu, millel on tugev kukkumisvastane toime. Punasest ristikust ekstraheeritud biokaniin A on v\u00f5imas isoflavoon. Biokaniin A on efektiivne inhibiitor 5-astr-reduktaas (T\u00fc\u00fcp i ja II) aktiivsus, moduleerides seega testosterooni muundamist DHT-ks androgeense alopeetsia korral. Atset\u00fc\u00fcltetrapeptiid-3 on signaalpeptiidist saadud peptiid, mis stimuleerib kudede \u00fcmberkujundamist. Peptiidil on otsene m\u00f5ju juuksefolliikulisse. Remodelleerimissignaal suurendab juuksefolliikuli suurust, et juuksed paremini ankurdada ja eluj\u00f5udu saada.<\/p>\n<p>&#8211; Biotiin (vitamiin B7): oluline mitte ainult uute juuste kasvu jaoks.<\/p>\n<p>&#8211; Niatsiin (Vitamiin B3): kuna Niatsiin laiendab veresooni ja kapillaare, arvatakse, et see suurendab verevoolu peanahasse ja stimuleerib nende kasvu.<\/p>\n<p>&#8211; P\u00fcridiin (Vitamiin B6): arvatakse, et vitamiin B6 hoiab \u00e4ra juuste v\u00e4ljalangemise ja aitab luua melaniini, pigmenti, mis annab juustele v\u00e4rvi.<\/p>\n<p>&#8211; Pantoteenhape (Vitamiin B5): hoiab \u00e4ra hallinemise ja juuste v\u00e4ljalangemise.<\/p>\n<p>&#8211; Ameerika \u017een\u0161enni juureekstrakt: suurendab stimulatsiooni ja parandab vereringet.<\/p>\n","protected":false},"excerpt":{"rendered":"<p><span class=\"aNeGP0gI0B9AV8JaHPyH\" data-src-align=\"0:9\">Tricocure<\/span> <span class=\"aNeGP0gI0B9AV8JaHPyH\" data-src-align=\"10:2\">on<\/span> <span class=\"aNeGP0gI0B9AV8JaHPyH\" data-src-align=\"22:13\">k\u00f5ige revolutsioonilisem<\/span> <span class=\"aNeGP0gI0B9AV8JaHPyH\" data-src-align=\"40:8\">ja t\u00e4ielikum<\/span> <span class=\"aNeGP0gI0B9AV8JaHPyH\" data-src-align=\"49:7\">valem<\/span> <span class=\"aNeGP0gI0B9AV8JaHPyH\" data-src-align=\"71:4\">juuste<\/span> <span class=\"aNeGP0gI0B9AV8JaHPyH\" data-src-align=\"81:4\">v\u00e4ljalangemise<\/span> <span class=\"aNeGP0gI0B9AV8JaHPyH\" data-src-align=\"86:6\">peamiste p\u00f5hjuste<\/span> <span class=\"aNeGP0gI0B9AV8JaHPyH\" data-src-align=\"60:6\">v\u00e4hendamiseks<\/span>. <span class=\"aNeGP0gI0B9AV8JaHPyH\" data-src-align=\"109:9\">Tricocure<\/span> <span class=\"aNeGP0gI0B9AV8JaHPyH\" data-src-align=\"98:7\">&#8217;i valem<\/span> <span class=\"aNeGP0gI0B9AV8JaHPyH\" data-src-align=\"122:8\">on rikastatud<\/span> <span class=\"aNeGP0gI0B9AV8JaHPyH\" data-src-align=\"136:8\">arvukate<\/span> <span class=\"aNeGP0gI0B9AV8JaHPyH\" data-src-align=\"145:6\">toimeainetega<\/span><span class=\"aNeGP0gI0B9AV8JaHPyH\" data-src-align=\"165:8\">: Veresoonte<\/span> <span class=\"aNeGP0gI0B9AV8JaHPyH\" data-src-align=\"174:8\">taaskasvufaktor<\/span><span class=\"aNeGP0gI0B9AV8JaHPyH\" data-src-align=\"201:133\">, naha mikrotsirkulatsiooni tugevdaja, 5-alfa-reduktaasi inhibiitorid ning toitainete ja \u00fcmberkorraldavate koostisosade kogum on Tricocure&#8217; i tuum.<\/span><\/p>\n<p><span data-text-color=\"alert\"><strong><span class=\"aNeGP0gI0B9AV8JaHPyH\" data-src-align=\"336:3\">Exp:<\/span> <span class=\"aNeGP0gI0B9AV8JaHPyH\" data-src-align=\"341:10\">07.09.2025<\/span><\/strong><\/span><\/p>\n","protected":false},"featured_media":108568,"template":"","meta":{"_seopress_robots_primary_cat":"none","_seopress_titles_title":"","_seopress_titles_desc":"","_seopress_robots_index":""},"item":[],"product_cat":[1190,1813,363,1910,1931,1849],"product_tag":[],"class_list":{"0":"post-108573","1":"product","2":"type-product","3":"status-publish","4":"has-post-thumbnail","6":"product_cat-hair-et","7":"product_cat-otstarve","8":"product_cat-seerum-et","9":"product_cat-nahahooldus","10":"product_cat-seerum-et-prof","11":"product_cat-nahahooldus-nahatuubi-jargi","13":"first","14":"instock","15":"sale","16":"taxable","17":"shipping-taxable","18":"purchasable","19":"product-type-simple"},"_links":{"self":[{"href":"https:\/\/cutismedical.shop\/et\/wp-json\/wp\/v2\/product\/108573","targetHints":{"allow":["GET"]}}],"collection":[{"href":"https:\/\/cutismedical.shop\/et\/wp-json\/wp\/v2\/product"}],"about":[{"href":"https:\/\/cutismedical.shop\/et\/wp-json\/wp\/v2\/types\/product"}],"wp:featuredmedia":[{"embeddable":true,"href":"https:\/\/cutismedical.shop\/et\/wp-json\/wp\/v2\/media\/108568"}],"wp:attachment":[{"href":"https:\/\/cutismedical.shop\/et\/wp-json\/wp\/v2\/media?parent=108573"}],"wp:term":[{"taxonomy":"item","embeddable":true,"href":"https:\/\/cutismedical.shop\/et\/wp-json\/wp\/v2\/item?post=108573"},{"taxonomy":"product_cat","embeddable":true,"href":"https:\/\/cutismedical.shop\/et\/wp-json\/wp\/v2\/product_cat?post=108573"},{"taxonomy":"product_tag","embeddable":true,"href":"https:\/\/cutismedical.shop\/et\/wp-json\/wp\/v2\/product_tag?post=108573"}],"curies":[{"name":"wp","href":"https:\/\/api.w.org\/{rel}","templated":true}]}}