{"id":108562,"date":"2025-07-02T12:02:02","date_gmt":"2025-07-02T10:02:02","guid":{"rendered":"https:\/\/cutismedical.com\/shop\/maaratlemata\/aliaxin-lv-lips-volume-2-syringes-x-1ml\/"},"modified":"2025-07-02T12:02:02","modified_gmt":"2025-07-02T10:02:02","slug":"aliaxin-lv-lips-volume-2-syringes-x-1ml","status":"publish","type":"product","link":"https:\/\/cutismedical.shop\/et\/shop-es\/fillerid-et\/aliaxin-lv-lips-volume-2-syringes-x-1ml\/","title":{"rendered":"Aliaxin | LV, &#8220;Lips Volume&#8221; (2 s\u00fcstalt x 1 ml)"},"content":{"rendered":"<p>T\u00e4iteaine koosneb \u00fclipuhast h\u00fcdroks\u00fc\u00fclhappeest, mis sulandub nahka sujuvalt. Lisaks on Aliaxin LV viskoossus k\u00f5rge, mis annab t\u00e4iteainele struktuuri, mis tagab suure vastupidavuse mehaanilisele koormusele ja suurep\u00e4rase difusiooni s\u00fcstitud piirkonnas. Aliaxin LV on ideaalne naha pinguluse taastamiseks, huulte kontuuri parandamiseks ja huultele loomuliku t\u00e4idlase v\u00e4limuse andmiseks.<\/p>\n<p>&nbsp;<\/p>\n<p><strong>Pakend sisaldab:<\/strong><\/p>\n<p>2 x 1 ml eelt\u00e4idetud s\u00fcstalt<\/p>\n<p>4 x 27G x 13 mm TSK + 27G x 19 mm TSK n\u00f5ela<\/p>\n<p>&nbsp;<\/p>\n<p><strong>Peamised koostisosad:<\/strong><\/p>\n<p>25 mg\/ml ristseotud h\u00fcaluroonhape<\/p>\n<p>Ristseotuse aste: 4\/5<\/p>\n<p>&nbsp;<\/p>\n<p><strong>Aliaxin LV 1 ml eelised:<\/strong><\/p>\n<p>Looduslik huulte kontuur<\/p>\n<p>Taastab naha elastsuse<\/p>\n<p>Ideaalne huulte mahu suurendamiseks<\/p>\n<p>&nbsp;<\/p>\n<p><strong>Ravi piirkonnad:<\/strong><\/p>\n<p>Huuled<\/p>\n<p>Suu\u00fcmbrus<\/p>\n<p>&nbsp;<\/p>\n<p><strong>Kui kaua tulemus kestab?<\/strong><\/p>\n<p>\u00dcldiselt on tulemused pikaajalised ja kestavad 6 kuni 12 kuud. Kestus s\u00f5ltub vajaliku korrigeerimise astmest ning isiku elustiilist, vanusest ja nahat\u00fc\u00fcbist.<\/p>\n","protected":false},"excerpt":{"rendered":"<p>Aliaxin LV, \u201eLips Volume\u201d, on mitteinvasiivne HA nahat\u00e4idis, mis on loodud huultele harmoonilise ja loomuliku v\u00e4limuse andmiseks.<\/p>\n","protected":false},"featured_media":108556,"template":"","meta":{"_seopress_robots_primary_cat":"none","_seopress_titles_title":"","_seopress_titles_desc":"","_seopress_robots_index":""},"item":[2425],"product_cat":[154],"product_tag":[],"class_list":{"0":"post-108562","1":"product","2":"type-product","3":"status-publish","4":"has-post-thumbnail","6":"item-aliaxin-et","7":"product_cat-fillerid-et","9":"first","10":"instock","11":"taxable","12":"shipping-taxable","13":"purchasable","14":"product-type-simple"},"_links":{"self":[{"href":"https:\/\/cutismedical.shop\/et\/wp-json\/wp\/v2\/product\/108562","targetHints":{"allow":["GET"]}}],"collection":[{"href":"https:\/\/cutismedical.shop\/et\/wp-json\/wp\/v2\/product"}],"about":[{"href":"https:\/\/cutismedical.shop\/et\/wp-json\/wp\/v2\/types\/product"}],"wp:featuredmedia":[{"embeddable":true,"href":"https:\/\/cutismedical.shop\/et\/wp-json\/wp\/v2\/media\/108556"}],"wp:attachment":[{"href":"https:\/\/cutismedical.shop\/et\/wp-json\/wp\/v2\/media?parent=108562"}],"wp:term":[{"taxonomy":"item","embeddable":true,"href":"https:\/\/cutismedical.shop\/et\/wp-json\/wp\/v2\/item?post=108562"},{"taxonomy":"product_cat","embeddable":true,"href":"https:\/\/cutismedical.shop\/et\/wp-json\/wp\/v2\/product_cat?post=108562"},{"taxonomy":"product_tag","embeddable":true,"href":"https:\/\/cutismedical.shop\/et\/wp-json\/wp\/v2\/product_tag?post=108562"}],"curies":[{"name":"wp","href":"https:\/\/api.w.org\/{rel}","templated":true}]}}