{"id":10411,"date":"2019-04-18T12:02:51","date_gmt":"2019-04-18T10:02:51","guid":{"rendered":"https:\/\/cutismedical.com\/product\/rainbow-threads-mono\/"},"modified":"2024-11-14T01:22:46","modified_gmt":"2024-11-13T23:22:46","slug":"rainbow-threads-mono","status":"publish","type":"product","link":"https:\/\/cutismedical.shop\/et\/shop-es\/mesoniidid-et\/pdo-mono-type-et\/rainbow-threads-mono\/","title":{"rendered":"Rainbow. PDO niidid (Mono t\u00fc\u00fcp) | 1 pakk (20 tk) &#8211; karp (5 pakki x 20 tk)"},"content":{"rendered":"<table style=\"height: 558px;\" width=\"888\">\n<tbody>\n<tr>\n<td width=\"451\">\n<p style=\"text-align: left;\"><a href=\"https:\/\/cutismedical.com\/wp-content\/uploads\/2019\/04\/upakovka.jpg\"><img loading=\"lazy\" decoding=\"async\" class=\" wp-image-35617 aligncenter\" src=\"https:\/\/cutismedical.com\/wp-content\/uploads\/2019\/04\/upakovka.jpg\" alt=\"\" width=\"386\" height=\"243\" srcset=\"https:\/\/cutismedical.shop\/wp-content\/uploads\/2019\/04\/upakovka.jpg 890w, https:\/\/cutismedical.shop\/wp-content\/uploads\/2019\/04\/upakovka-150x94.jpg 150w, https:\/\/cutismedical.shop\/wp-content\/uploads\/2019\/04\/upakovka-592x372.jpg 592w, https:\/\/cutismedical.shop\/wp-content\/uploads\/2019\/04\/upakovka-636x400.jpg 636w, https:\/\/cutismedical.shop\/wp-content\/uploads\/2019\/04\/upakovka-768x483.jpg 768w, https:\/\/cutismedical.shop\/wp-content\/uploads\/2019\/04\/upakovka-510x321.jpg 510w\" sizes=\"auto, (max-width: 386px) 100vw, 386px\" \/><\/a><\/p>\n<p> <a href=\"https:\/\/cutismedical.com\/wp-content\/uploads\/2019\/04\/mono-info.jpg\"><img loading=\"lazy\" decoding=\"async\" class=\"alignnone size-full wp-image-35626\" src=\"https:\/\/cutismedical.com\/wp-content\/uploads\/2019\/04\/mono-info.jpg\" alt=\"\" width=\"855\" height=\"366\" srcset=\"https:\/\/cutismedical.shop\/wp-content\/uploads\/2019\/04\/mono-info.jpg 855w, https:\/\/cutismedical.shop\/wp-content\/uploads\/2019\/04\/mono-info-150x64.jpg 150w, https:\/\/cutismedical.shop\/wp-content\/uploads\/2019\/04\/mono-info-592x253.jpg 592w, https:\/\/cutismedical.shop\/wp-content\/uploads\/2019\/04\/mono-info-800x342.jpg 800w, https:\/\/cutismedical.shop\/wp-content\/uploads\/2019\/04\/mono-info-768x329.jpg 768w, https:\/\/cutismedical.shop\/wp-content\/uploads\/2019\/04\/mono-info-510x218.jpg 510w\" sizes=\"auto, (max-width: 855px) 100vw, 855px\" \/><\/a><\/td>\n<td width=\"451\">\n<p style=\"text-align: left;\"><a href=\"https:\/\/cutismedical.com\/wp-content\/uploads\/2019\/04\/pdo-1.jpg\"><img loading=\"lazy\" decoding=\"async\" class=\" wp-image-35623 aligncenter\" src=\"https:\/\/cutismedical.com\/wp-content\/uploads\/2019\/04\/pdo-1.jpg\" alt=\"\" width=\"368\" height=\"419\" srcset=\"https:\/\/cutismedical.shop\/wp-content\/uploads\/2019\/04\/pdo-1.jpg 564w, https:\/\/cutismedical.shop\/wp-content\/uploads\/2019\/04\/pdo-1-150x171.jpg 150w, https:\/\/cutismedical.shop\/wp-content\/uploads\/2019\/04\/pdo-1-510x581.jpg 510w, https:\/\/cutismedical.shop\/wp-content\/uploads\/2019\/04\/pdo-1-351x400.jpg 351w\" sizes=\"auto, (max-width: 368px) 100vw, 368px\" \/><\/a><\/p>\n<\/td>\n<\/tr>\n<\/tbody>\n<\/table>\n<p>Rainbow niidid on saadaval PDO (pol\u00fcdiooksanoon), PLLA (pol\u00fc-L-piimhape) ja PCLA (pol\u00fc-L-laktiid-co-\u03b5-kaprolaktoon) kujul ning need on biolagunevad ja imenduvad niidid, mida on kirurgilistes \u00f5mblustes kasutatud viimased 50 aastat. Meditsiinilised \u00f5mblused on m\u00f5eldud SMAS kihtidesse paigaldamiseks, et aidata pinguldada ja t\u00f5sta nahka, mis sobib ideaalselt patsientidele, kes kannatavad l\u00f5dva v\u00f5i rippuva naha all.<\/p>\n<p>Vanuse kasvades muutub nahakude \u00f5hemaks kollageeni ja elastiinikiudude lagunemise t\u00f5ttu, mis p\u00f5hjustab naha l\u00f5tvumist, s\u00fcgavaid kortse ja volte. Rainbow niidid stimuleerivad fibroblaste ja kollageeni tootmist, pakkudes loomulikku ja silmapaistvat naha pinguldamise ja t\u00f5stmise efekti niidi lagunemise kaudu, parandades vereringet, aidates parandada naha tooni, taastada nahka ja suurendada selle elastsust. Mittekirurgiline naha t\u00f5stmine on loodud pikaajalise efekti saavutamiseks koos koheste tulemustega.<\/p>\n<p>Rainbow niidid on sertifitseeritud III klassi toodetena vastavalt Euroopa meditsiiniseadmete direktiivile ning CE-m\u00e4rgistus tagab toote kvaliteedi ja ohutuse.<\/p>\n<p><a href=\"https:\/\/cutismedical.com\/wp-content\/uploads\/2019\/04\/all-threads.jpg\"><img loading=\"lazy\" decoding=\"async\" class=\"alignnone size-full wp-image-35632\" src=\"https:\/\/cutismedical.com\/wp-content\/uploads\/2019\/04\/all-threads.jpg\" alt=\"\" width=\"977\" height=\"304\" srcset=\"https:\/\/cutismedical.shop\/wp-content\/uploads\/2019\/04\/all-threads.jpg 977w, https:\/\/cutismedical.shop\/wp-content\/uploads\/2019\/04\/all-threads-150x47.jpg 150w, https:\/\/cutismedical.shop\/wp-content\/uploads\/2019\/04\/all-threads-592x184.jpg 592w, https:\/\/cutismedical.shop\/wp-content\/uploads\/2019\/04\/all-threads-800x249.jpg 800w, https:\/\/cutismedical.shop\/wp-content\/uploads\/2019\/04\/all-threads-768x239.jpg 768w, https:\/\/cutismedical.shop\/wp-content\/uploads\/2019\/04\/all-threads-510x159.jpg 510w\" sizes=\"auto, (max-width: 977px) 100vw, 977px\" \/><\/a><\/p>\n","protected":false},"excerpt":{"rendered":"<p><span style=\"color: #ed1c24;\"><strong>Ei ole mu\u0308u\u0308giks ELis!<\/strong><\/span><\/p>\n<p>Rainbow Thread on uus kontseptsioon premium-liftingu ravis, mis kasutab mittekirurgilisi naha t\u00f5stmisniite, mis t\u00f5husalt pinguldavad nahka, luues loomuliku, v\u00e4rskema ja noorema v\u00e4limuse.<\/p>\n","protected":false},"featured_media":35629,"template":"","meta":{"_seopress_robots_primary_cat":"","_seopress_titles_title":"","_seopress_titles_desc":"","_seopress_robots_index":""},"item":[1453],"product_cat":[156,1736],"product_tag":[],"class_list":{"0":"post-10411","1":"product","2":"type-product","3":"status-publish","4":"has-post-thumbnail","6":"item-rainbow-et-2","7":"product_cat-mesoniidid-et","8":"product_cat-pdo-mono-type-et","9":"pa_product_main_cat-professionaalne-hooldus","11":"first","12":"instock","13":"taxable","14":"shipping-taxable","15":"purchasable","16":"product-type-variable"},"_links":{"self":[{"href":"https:\/\/cutismedical.shop\/et\/wp-json\/wp\/v2\/product\/10411","targetHints":{"allow":["GET"]}}],"collection":[{"href":"https:\/\/cutismedical.shop\/et\/wp-json\/wp\/v2\/product"}],"about":[{"href":"https:\/\/cutismedical.shop\/et\/wp-json\/wp\/v2\/types\/product"}],"wp:featuredmedia":[{"embeddable":true,"href":"https:\/\/cutismedical.shop\/et\/wp-json\/wp\/v2\/media\/35629"}],"wp:attachment":[{"href":"https:\/\/cutismedical.shop\/et\/wp-json\/wp\/v2\/media?parent=10411"}],"wp:term":[{"taxonomy":"item","embeddable":true,"href":"https:\/\/cutismedical.shop\/et\/wp-json\/wp\/v2\/item?post=10411"},{"taxonomy":"product_cat","embeddable":true,"href":"https:\/\/cutismedical.shop\/et\/wp-json\/wp\/v2\/product_cat?post=10411"},{"taxonomy":"product_tag","embeddable":true,"href":"https:\/\/cutismedical.shop\/et\/wp-json\/wp\/v2\/product_tag?post=10411"}],"curies":[{"name":"wp","href":"https:\/\/api.w.org\/{rel}","templated":true}]}}