{"id":10340,"date":"2019-04-16T15:17:41","date_gmt":"2019-04-16T13:17:41","guid":{"rendered":"https:\/\/cutismedical.com\/product\/reon-deep-11ml\/"},"modified":"2024-11-14T01:33:18","modified_gmt":"2024-11-13T23:33:18","slug":"reon-deep-11ml","status":"publish","type":"product","link":"https:\/\/cutismedical.shop\/et\/shop-es\/fillerid-et\/reon-deep-11ml\/","title":{"rendered":"Oreon. RE:ON DEEP (1*1ml)"},"content":{"rendered":"","protected":false},"excerpt":{"rendered":"<p><span style=\"color: #d83131;\"><strong>Ei ole mu\u0308u\u0308giks ELis!<\/strong><\/span><\/p>\n<p>N\u00f5ela suurus: 27<\/p>\n<p>Koostis: ristseotud h\u00fcaluroonhape (20 mg\/ml)<\/p>\n<p>K\u00f5igi m\u00f5\u00f5dukalt v\u00e4ljendunud kortsude t\u00e4itmine n\u00e4ol<\/p>\n<p>S\u00fcstimisala: keskmine dermis<\/p>\n","protected":false},"featured_media":10338,"template":"","meta":{"_seopress_robots_primary_cat":"none","_seopress_titles_title":"","_seopress_titles_desc":"","_seopress_robots_index":""},"item":[],"product_cat":[154],"product_tag":[],"class_list":{"0":"post-10340","1":"product","2":"type-product","3":"status-publish","4":"has-post-thumbnail","6":"product_cat-fillerid-et","7":"pa_product_main_cat-professionaalne-hooldus","9":"first","10":"instock","11":"taxable","12":"shipping-taxable","13":"purchasable","14":"product-type-simple"},"_links":{"self":[{"href":"https:\/\/cutismedical.shop\/et\/wp-json\/wp\/v2\/product\/10340","targetHints":{"allow":["GET"]}}],"collection":[{"href":"https:\/\/cutismedical.shop\/et\/wp-json\/wp\/v2\/product"}],"about":[{"href":"https:\/\/cutismedical.shop\/et\/wp-json\/wp\/v2\/types\/product"}],"wp:featuredmedia":[{"embeddable":true,"href":"https:\/\/cutismedical.shop\/et\/wp-json\/wp\/v2\/media\/10338"}],"wp:attachment":[{"href":"https:\/\/cutismedical.shop\/et\/wp-json\/wp\/v2\/media?parent=10340"}],"wp:term":[{"taxonomy":"item","embeddable":true,"href":"https:\/\/cutismedical.shop\/et\/wp-json\/wp\/v2\/item?post=10340"},{"taxonomy":"product_cat","embeddable":true,"href":"https:\/\/cutismedical.shop\/et\/wp-json\/wp\/v2\/product_cat?post=10340"},{"taxonomy":"product_tag","embeddable":true,"href":"https:\/\/cutismedical.shop\/et\/wp-json\/wp\/v2\/product_tag?post=10340"}],"curies":[{"name":"wp","href":"https:\/\/api.w.org\/{rel}","templated":true}]}}